{"id":259,"date":"2019-04-26T02:32:08","date_gmt":"2019-04-26T02:32:08","guid":{"rendered":"http:\/\/shtheme.com\/demosd\/orgafe\/?page_id=259"},"modified":"2025-07-21T13:59:34","modified_gmt":"2025-07-21T13:59:34","slug":"progetto","status":"publish","type":"page","link":"https:\/\/www.diamopesoalbenessere.org\/fur\/progetto\/","title":{"rendered":"Progjet"},"content":{"rendered":"<div class=\"breadcrumb-area breadcrumb-margin pt-260 pb-180\" style=\"background-image:url(https:\/\/www.diamopesoalbenessere.org\/wp-content\/uploads\/2021\/07\/Diamo_Peso_al_Benessere-BG-progetto-2.jpg)\">\n        <div class=\"container\">\n            <div class=\"row\">\n                <div class=\"col-xl-12\">\n                    <div class=\"breadcrumb-text text-center\">\n                        <h1>Progjet<\/h1>\n                        <ul class=\"breadcrumb-menu\">\n                            <li><a href=\"https:\/\/www.diamopesoalbenessere.org\/fur\/\">Prime pagjine<\/a><\/li>\n                            <li><span>Progjet<\/span><\/li>\n                        <\/ul>\n                    <\/div>\n                <\/div>\n            <\/div>\n        <\/div>\n    <\/div>\n\n\n\t\t\t \n\n    <div class=\"about-area pt-120 pb-170\">\n        <div class=\"container\">\n            <div class=\"row\">\n                <div class=\"col-xl-6 col-lg-6\">\n                    <div class=\"about-wrapper single-about mb-30\">\n                        <div class=\"section-title section-title-cap\">\n                            <div class=\"section-icon\">\n                                <img decoding=\"async\" src=\"\" alt=\"\">\n                            <\/div>\n                            <h1>Insiemi si pues\u2026<\/h1>\n                            <p>Front\u00e2 il sorep\u00eas e la obesit\u00e2t cun rispuestis stabilis e che a durin intal timp, metintsi in z\u00fbc tant che Persone Interie a pro di une gnove cualit\u00e2t de vite person\u00e2l e di comunit\u00e2t, e passant di l\u00e0 dal concet di deleghe.<\/p>\n<p>Ativ\u00e2 grups\u00a0Empowerment-Oriented\u00a0e di progjets le\u00e2ts ae riscuvierte dal cuarp,\u00a0intind\u00fbt\u00a0tant che risorse in dutis lis s\u00f4s potenzialit\u00e2ts e pussibilit\u00e2ts:\u00a0il grup al \u00e8 duncje spazi e strument primari par ativ\u00e2 un proc\u00e8s re\u00e2l di cambiament.<\/p>\n                        <\/div>\n                        <a class=\"btn\" href=\"\">read more<\/a>\n                    <\/div>\n                <\/div>\n                <div class=\"col-xl-6 col-lg-6\">\n                    <div class=\"about-2-img text-lg-right mb-30\">\n                        <img decoding=\"async\" src=\"https:\/\/www.diamopesoalbenessere.org\/wp-content\/uploads\/2025\/04\/Progetto-2025.png\" alt=\"\">\n                        <div class=\"about-video-img\">\n                            <div class=\"pos-relative\">\n                                <img decoding=\"async\" src=\"\" alt=\"\">\n                                <div class=\"about-video-icon\">\n                                    <a class=\"play-btn popup-video\" href=\"\"><i class=\"fa fa-play\"><\/i><\/a>\n                                <\/div>\n                            <\/div>\n                        <\/div>\n                    <\/div>\n                <\/div>\n\n            <\/div>\n        <\/div>\n    <\/div>\n\n\n\t\t\t \n                   \n        <div class=\"team-area pt-120 pb-90\">\n            <div class=\"container\">\n                <div class=\"row\">\n                    <div class=\"col-xl-5 col-lg-5\">\n                        <div class=\"team-content mb-30\" style=\"background-image:url()\">\n                            <div class=\"section-title mb-65\">\n                                <div class=\"section-icon\">\n                                    <img decoding=\"async\" src=\"https:\/\/www.diamopesoalbenessere.org\/wp-content\/uploads\/2021\/06\/Diamo_Peso_al_Benessere-icona-team.png\" alt=\"\">\n                                <\/div>\n                                <h1>La nestre Scuadre<\/h1>\n                                <p>La nestre Scuadre e je formade di esperts che a lavorin cul sportel di scolte e cu la segretarie de Associazion. La formazion intal Self-empowerment che a \u00e0n ducj i operad\u00f4rs e garant\u00ecs percors di Sal\u00fbt e di cambiaments gn\u00fbfs.<\/p>\n                            <\/div>\n                            <p><\/p>\n                            <a class=\"btn\" href=\"javascript:void(0)\">see all farmers<\/a>\n                        <\/div>\n                    <\/div>\n                    <div class=\"col-xl-7 col-lg-7\">\n                        <div class=\"row\">\n\n                             \n\n                            <div class=\"col-xl-6 col-lg-6 col-md-6\">\n                                <div class=\"team-wrapper mb-30\">\n                                    <div class=\"team-img\">\n                                        <img decoding=\"async\" src=\"\" alt=\"\">\n                                        <div class=\"team-text\">\n                                            <h4>MORRIS V. VASQUEZ<\/h4>\n                                            <span>Organic Farmers<\/span>\n                                            <div class=\"team-social-icon\">\n                                                <a href=\"https:\/\/www.facebook.com\/\"><i class=\"fab fa-facebook-f\"><\/i><\/a>\n                                                <a href=\"https:\/\/twitter.com\/\"><i class=\"fab fa-twitter\"><\/i><\/a>\n                                                <a href=\"#\"><i class=\"fab fa-linkedin-in\"><\/i><\/a>\n                                                <a href=\"#\"><i class=\"fab fa-youtube\"><\/i><\/a>\n                                                <a href=\"#\"><i class=\"fab fa-behance\"><\/i><\/a>\n                                            <\/div>\n                                        <\/div>\n                                    <\/div>\n                                <\/div>\n                            <\/div>\n\n                             \n\n                            <div class=\"col-xl-6 col-lg-6 col-md-6\">\n                                <div class=\"team-wrapper mb-30\">\n                                    <div class=\"team-img\">\n                                        <img decoding=\"async\" src=\"\" alt=\"\">\n                                        <div class=\"team-text\">\n                                            <h4>MORRIS V. VASQUEZ<\/h4>\n                                            <span>Organic Farmers<\/span>\n                                            <div class=\"team-social-icon\">\n                                                <a href=\"https:\/\/www.facebook.com\/\"><i class=\"fab fa-facebook-f\"><\/i><\/a>\n                                                <a href=\"https:\/\/twitter.com\/\"><i class=\"fab fa-twitter\"><\/i><\/a>\n                                                <a href=\"#\"><i class=\"fab fa-linkedin-in\"><\/i><\/a>\n                                                <a href=\"#\"><i class=\"fab fa-youtube\"><\/i><\/a>\n                                                <a href=\"#\"><i class=\"fab fa-behance\"><\/i><\/a>\n                                            <\/div>\n                                        <\/div>\n                                    <\/div>\n                                <\/div>\n                            <\/div>\n\n                             \n\n                            <div class=\"col-xl-6 col-lg-6 col-md-6\">\n                                <div class=\"team-wrapper mb-30\">\n                                    <div class=\"team-img\">\n                                        <img decoding=\"async\" src=\"\" alt=\"\">\n                                        <div class=\"team-text\">\n                                            <h4>MORRIS V. VASQUEZ<\/h4>\n                                            <span>Organic Farmers<\/span>\n                                            <div class=\"team-social-icon\">\n                                                <a href=\"https:\/\/www.facebook.com\/\"><i class=\"fab fa-facebook-f\"><\/i><\/a>\n                                                <a href=\"https:\/\/twitter.com\/\"><i class=\"fab fa-twitter\"><\/i><\/a>\n                                                <a href=\"#\"><i class=\"fab fa-linkedin-in\"><\/i><\/a>\n                                                <a href=\"#\"><i class=\"fab fa-youtube\"><\/i><\/a>\n                                                <a href=\"#\"><i class=\"fab fa-behance\"><\/i><\/a>\n                                            <\/div>\n                                        <\/div>\n                                    <\/div>\n                                <\/div>\n                            <\/div>\n\n                             \n                            \n                        <\/div>\n                    <\/div>\n                <\/div>\n            <\/div>\n        <\/div>\n\n\n\t\t\t<div class=\"vc_row wpb_row vc_inner vc_column-gap-5 vc_row-o-content-middle vc_row-flex\"><div class=\"wpb_column vc_column_container col-md-12\"><div class=\"vc_column-inner vc_custom_1745318360771\"><div class=\"wpb_wrapper\">\n\t<div  class=\"wpb_single_image wpb_content_element vc_align_center\">\n\t\t\n\t\t<figure class=\"wpb_wrapper vc_figure\">\n\t\t\t<div class=\"vc_single_image-wrapper   vc_box_border_grey\"><img loading=\"lazy\" decoding=\"async\" width=\"882\" height=\"750\" src=\"https:\/\/www.diamopesoalbenessere.org\/wp-content\/uploads\/2021\/06\/Diamo_Peso_al_Benessere-BG-mission.png\" class=\"vc_single_image-img attachment-large\" alt=\"\" srcset=\"https:\/\/www.diamopesoalbenessere.org\/wp-content\/uploads\/2021\/06\/Diamo_Peso_al_Benessere-BG-mission.png 882w, https:\/\/www.diamopesoalbenessere.org\/wp-content\/uploads\/2021\/06\/Diamo_Peso_al_Benessere-BG-mission-300x255.png 300w, https:\/\/www.diamopesoalbenessere.org\/wp-content\/uploads\/2021\/06\/Diamo_Peso_al_Benessere-BG-mission-768x653.png 768w, https:\/\/www.diamopesoalbenessere.org\/wp-content\/uploads\/2021\/06\/Diamo_Peso_al_Benessere-BG-mission-600x510.png 600w\" sizes=\"auto, (max-width: 882px) 100vw, 882px\" \/><\/div>\n\t\t<\/figure>\n\t<\/div>\n\n\t<div class=\"wpb_text_column wpb_content_element\" >\n\t\t<div class=\"wpb_wrapper\">\n\t\t\t<h2 style=\"text-align: center;\">Piert p\u00eas e torne a part\u00ee<\/h2>\n\n\t\t<\/div>\n\t<\/div>\n<\/div><\/div><\/div><\/div><div class=\"vc_row wpb_row vc_inner vc_row-o-equal-height vc_row-o-content-top vc_row-flex\"><div class=\"wpb_column vc_column_container col-md-6\"><div class=\"vc_column-inner\"><div class=\"wpb_wrapper\"><div class=\"vc_message_box vc_message_box-solid-icon vc_message_box-rounded vc_color-warning\" ><div class=\"vc_message_box-icon\"><i class=\"fas fa-bullseye\"><\/i><\/div><h3><\/h3>\n<h3>MISSION<\/h3>\n<p>&nbsp;<\/p>\n<p>Din P\u00eas al Benst\u00e2 al prom\u00f4f, midiant dal Self-empowerment, une altre e alte cualit\u00e2t de vite intes personis, solecitant lis l\u00f4r risorsis e costruint gn\u00fbfs m\u00fbts di pens\u00e2\u00a0pe sal\u00fbt e pal benst\u00e2.\u00a0La associazion e prom\u00f4f un percors che al sorpasse la logjiche de privazion a pro di ch\u00ea dal plas\u00ea.\u00a0Il grup, che al \u00e8 spazi e strument di lav\u00f4r, al stimole il proc\u00e8s di\u00a0multipussibilitazion\u00a0e al introd\u00fbs il cambiament tant che plas\u00ea.<\/p>\n<\/div><\/div><\/div><\/div><div class=\"wpb_column vc_column_container col-md-6\"><div class=\"vc_column-inner\"><div class=\"wpb_wrapper\"><div class=\"vc_message_box vc_message_box-solid-icon vc_message_box-rounded vc_color-warning\" ><div class=\"vc_message_box-icon\"><i class=\"fas fa-compress-arrows-alt\"><\/i><\/div><h3><\/h3>\n<h3>CEM\u00dbT<\/h3>\n<p>&nbsp;<\/p>\n<p>Il proc\u00e8s si ative cu la scuvierte di gnovis pussibilit\u00e2ts par ricognossiti tant che Persone Interie, cu la t\u00f4 storie e gjeografie.\u00a0L'obiet\u00eef al \u00e8 chel di impar\u00e2 a pass\u00e2 i ostacui, progjet\u00e2 un fut\u00fbr gn\u00fbf e ricognossi il to r\u00fbl tal ambit de sal\u00fbt.\u00a0Midiant dal grup tu podar\u00e2s devent\u00e2 protagonist de t\u00f4 vite, scuvierzint il plas\u00ea dal cambiament e valorizant lis t\u00f4s risorsis, i talents, lis capacit\u00e2t e i desideris midiant de azion.<\/p>\n<\/div><\/div><\/div><\/div><\/div><div class=\"vc_row wpb_row vc_inner\"><div class=\"wpb_column vc_column_container col-md-12\"><div class=\"vc_column-inner\"><div class=\"wpb_wrapper\"><div class=\"vc_empty_space\"   style=\"height: 75px\"><span class=\"vc_empty_space_inner\"><\/span><\/div>\n\t<div class=\"wpb_text_column wpb_content_element\" >\n\t\t<div class=\"wpb_wrapper\">\n\t\t\t<h1 style=\"text-align: center;\">Self-empowerment<\/h1>\n<h4 style=\"text-align: center;\">Scuvier\u00e7 di jessi Persone, siel\u00e7 di vol\u00eati ben!<\/h4>\n\n\t\t<\/div>\n\t<\/div>\n<\/div><\/div><\/div><\/div><div class=\"vc_row wpb_row vc_inner vc_column-gap-35 vc_row-o-equal-height vc_row-flex\"><div class=\"wpb_column vc_column_container col-md-3\"><div class=\"vc_column-inner vc_custom_1749548478121\"><div class=\"wpb_wrapper\">\n\t<div class=\"wpb_text_column wpb_content_element\" >\n\t\t<div class=\"wpb_wrapper\">\n\t\t\t<h3 style=\"text-align: center;\">RISORSIS<\/h3>\n<p class=\"s4\" style=\"text-align: center;\">Il\u00a0self-empowerment\u00a0ti permet di riscuvierzi lis t\u00f4s risorsis e i tiei talents par contrast\u00e2 la resistence al cambiament e l\u00e2 di l\u00e0 de sensazion di impotence.<\/p>\n\n\t\t<\/div>\n\t<\/div>\n<\/div><\/div><\/div><div class=\"wpb_column vc_column_container col-md-3\"><div class=\"vc_column-inner vc_custom_1749548485021\"><div class=\"wpb_wrapper\">\n\t<div class=\"wpb_text_column wpb_content_element\" >\n\t\t<div class=\"wpb_wrapper\">\n\t\t\t<h3 style=\"text-align: center;\">PUSSIBILIT\u00c2TS<\/h3>\n<p style=\"text-align: center;\">Il nestri progjet al cjape dentri proc\u00e8s di\u00a0multipussibilitazion\u00a0par pierdi p\u00eas, par fa s\u00f9 il to benst\u00e2 e par contrast\u00e2 l'isolament, la depression e la solitudin, gnove malatie di chest timp.<\/p>\n\n\t\t<\/div>\n\t<\/div>\n<\/div><\/div><\/div><div class=\"wpb_column vc_column_container col-md-3\"><div class=\"vc_column-inner vc_custom_1749548494572\"><div class=\"wpb_wrapper\">\n\t<div class=\"wpb_text_column wpb_content_element\" >\n\t\t<div class=\"wpb_wrapper\">\n\t\t\t<h3 style=\"text-align: center;\">SIELTE<\/h3>\n<p style=\"text-align: center;\">Il lav\u00f4r di grup al rapresente un timp e un spazi pe sperimentazion ative di alternativis di vite gnovis e sanis, metint il plas\u00ea li che e jere la privazion.<\/p>\n\n\t\t<\/div>\n\t<\/div>\n<\/div><\/div><\/div><div class=\"wpb_column vc_column_container col-md-3\"><div class=\"vc_column-inner vc_custom_1749548501838\"><div class=\"wpb_wrapper\">\n\t<div class=\"wpb_text_column wpb_content_element\" >\n\t\t<div class=\"wpb_wrapper\">\n\t\t\t<h3 style=\"text-align: center;\">AZION<\/h3>\n<p style=\"text-align: center;\">Une volte riscuviertis lis risorsis, e viertis e sperimentadis lis pussibilit\u00e2ts, tu puedis cjap\u00e2 lis misuris, sielzi e jentr\u00e2 in azion.<\/p>\n\n\t\t<\/div>\n\t<\/div>\n<\/div><\/div><\/div><\/div><div class=\"vc_empty_space\"   style=\"height: 75px\"><span class=\"vc_empty_space_inner\"><\/span><\/div><div class=\"brand-area pos-relative pb-120\">\r\n        <div class=\"shape d-none d-xl-block\">\r\n            <div class=\"shape-item brand-01 bounce-animate\"><img decoding=\"async\" src=\"\" alt=\"\"><\/div>\r\n            <div class=\"shape-item brand-02 bounce-animate\"><img decoding=\"async\" src=\"\" alt=\"\"><\/div>\r\n        <\/div>\r\n        <div class=\"container\">\r\n            <div class=\"brand-border\">\r\n                <div class=\"row\">\r\n                    <div class=\"brand2-active owl-carousel\">\n\t\t\t \n\n        <div class=\"col-xl-12\">\n            <div class=\"brand-wrapper\">\n                <div class=\"brand-img text-center\">\n                    <img decoding=\"async\" src=\"https:\/\/www.diamopesoalbenessere.org\/wp-content\/uploads\/2025\/06\/Diamo_Peso_al_Benessere-acat-logo.png\" alt=\"\" \/>\n                <\/div>\n            <\/div>\n        <\/div>\n\n \n\n        <div class=\"col-xl-12\">\n            <div class=\"brand-wrapper\">\n                <div class=\"brand-img text-center\">\n                    <img decoding=\"async\" src=\"https:\/\/www.diamopesoalbenessere.org\/wp-content\/uploads\/2025\/06\/Diamo_Peso_al_Benessere-ANDOS-LOGO.png\" alt=\"\" \/>\n                <\/div>\n            <\/div>\n        <\/div>\n\n \n\n        <div class=\"col-xl-12\">\n            <div class=\"brand-wrapper\">\n                <div class=\"brand-img text-center\">\n                    <img decoding=\"async\" src=\"https:\/\/www.diamopesoalbenessere.org\/wp-content\/uploads\/2025\/06\/Diamo_Peso_al_Benessere-bellaitaliavillage-logo.png\" alt=\"\" \/>\n                <\/div>\n            <\/div>\n        <\/div>\n\n \n\n        <div class=\"col-xl-12\">\n            <div class=\"brand-wrapper\">\n                <div class=\"brand-img text-center\">\n                    <img decoding=\"async\" src=\"https:\/\/www.diamopesoalbenessere.org\/wp-content\/uploads\/2025\/06\/Diamo_Peso_al_Benessere-Dipartimento-Scienza-della-Vita-logo.png\" alt=\"\" \/>\n                <\/div>\n            <\/div>\n        <\/div>\n\n \n\n        <div class=\"col-xl-12\">\n            <div class=\"brand-wrapper\">\n                <div class=\"brand-img text-center\">\n                    <img decoding=\"async\" src=\"https:\/\/www.diamopesoalbenessere.org\/wp-content\/uploads\/2025\/06\/Diamo_Peso_al_Benessere-comunediUdine-logo.png\" alt=\"\" \/>\n                <\/div>\n            <\/div>\n        <\/div>\n\n \n\n        <div class=\"col-xl-12\">\n            <div class=\"brand-wrapper\">\n                <div class=\"brand-img text-center\">\n                    <img decoding=\"async\" src=\"https:\/\/www.diamopesoalbenessere.org\/wp-content\/uploads\/2025\/06\/Diamo_Peso_al_Benessere-logo-arum-APS.png\" alt=\"\" \/>\n                <\/div>\n            <\/div>\n        <\/div>\n\n \n\n        <div class=\"col-xl-12\">\n            <div class=\"brand-wrapper\">\n                <div class=\"brand-img text-center\">\n                    <img decoding=\"async\" src=\"https:\/\/www.diamopesoalbenessere.org\/wp-content\/uploads\/2025\/06\/Diamo_Peso_al_Benessere-logo_asufc.png\" alt=\"\" \/>\n                <\/div>\n            <\/div>\n        <\/div>\n\n \n\n        <div class=\"col-xl-12\">\n            <div class=\"brand-wrapper\">\n                <div class=\"brand-img text-center\">\n                    <img decoding=\"async\" src=\"https:\/\/www.diamopesoalbenessere.org\/wp-content\/uploads\/2025\/06\/Diamo_Peso_al_Benessere-Reinessance-logo.png\" alt=\"\" \/>\n                <\/div>\n            <\/div>\n        <\/div>\n\n \n\n        <div class=\"col-xl-12\">\n            <div class=\"brand-wrapper\">\n                <div class=\"brand-img text-center\">\n                    <img decoding=\"async\" src=\"\" alt=\"\" \/>\n                <\/div>\n            <\/div>\n        <\/div>\n\n \n\n        <div class=\"col-xl-12\">\n            <div class=\"brand-wrapper\">\n                <div class=\"brand-img text-center\">\n                    <img decoding=\"async\" src=\"https:\/\/www.diamopesoalbenessere.org\/wp-content\/uploads\/2025\/06\/Diamo_Peso_al_Benessere-teste-di-legno-logo.png\" alt=\"\" \/>\n                <\/div>\n            <\/div>\n        <\/div>\n\n \n\n        <div class=\"col-xl-12\">\n            <div class=\"brand-wrapper\">\n                <div class=\"brand-img text-center\">\n                    <img decoding=\"async\" src=\"https:\/\/www.diamopesoalbenessere.org\/wp-content\/uploads\/2025\/06\/Diamo_Peso_al_Benessere-UINTS-logo.png\" alt=\"\" \/>\n                <\/div>\n            <\/div>\n        <\/div>\n\n \n\n        <div class=\"col-xl-12\">\n            <div class=\"brand-wrapper\">\n                <div class=\"brand-img text-center\">\n                    <img decoding=\"async\" src=\"https:\/\/www.diamopesoalbenessere.org\/wp-content\/uploads\/2025\/06\/Diamo_Peso_al_Benessere-UNIPD-logo.png\" alt=\"\" \/>\n                <\/div>\n            <\/div>\n        <\/div>\n\n<\/div><\/div><\/div><\/div><\/div>","protected":false},"excerpt":{"rendered":"","protected":false},"author":1,"featured_media":0,"parent":0,"menu_order":0,"comment_status":"closed","ping_status":"closed","template":"page-templates\/home3.php","meta":{"footnotes":""},"class_list":["post-259","page","type-page","status-publish","hentry"],"aioseo_notices":[],"_links":{"self":[{"href":"https:\/\/www.diamopesoalbenessere.org\/fur\/wp-json\/wp\/v2\/pages\/259","targetHints":{"allow":["GET"]}}],"collection":[{"href":"https:\/\/www.diamopesoalbenessere.org\/fur\/wp-json\/wp\/v2\/pages"}],"about":[{"href":"https:\/\/www.diamopesoalbenessere.org\/fur\/wp-json\/wp\/v2\/types\/page"}],"author":[{"embeddable":true,"href":"https:\/\/www.diamopesoalbenessere.org\/fur\/wp-json\/wp\/v2\/users\/1"}],"replies":[{"embeddable":true,"href":"https:\/\/www.diamopesoalbenessere.org\/fur\/wp-json\/wp\/v2\/comments?post=259"}],"version-history":[{"count":232,"href":"https:\/\/www.diamopesoalbenessere.org\/fur\/wp-json\/wp\/v2\/pages\/259\/revisions"}],"predecessor-version":[{"id":1312,"href":"https:\/\/www.diamopesoalbenessere.org\/fur\/wp-json\/wp\/v2\/pages\/259\/revisions\/1312"}],"wp:attachment":[{"href":"https:\/\/www.diamopesoalbenessere.org\/fur\/wp-json\/wp\/v2\/media?parent=259"}],"curies":[{"name":"wp","href":"https:\/\/api.w.org\/{rel}","templated":true}]}}